{"id":421,"date":"2025-01-07T20:42:43","date_gmt":"2025-01-07T19:42:43","guid":{"rendered":"https:\/\/lesbroutards.be\/?page_id=421"},"modified":"2025-02-15T21:14:54","modified_gmt":"2025-02-15T20:14:54","slug":"composition-des-colis","status":"publish","type":"page","link":"https:\/\/lesbroutards.be\/index.php\/composition-des-colis\/","title":{"rendered":"Composition des colis"},"content":{"rendered":"\n<p>\u00a0<\/p>\n<style id=\"sp_tab_dynamic_style429\">#sp-tabpro-wrapper_429.sp-tab__lay-default .sp-tab__tab-content {width: 100%;}#sp-tabpro-wrapper_429 .animated {-webkit-animation-duration: 500ms;animation-duration: 500ms;}#sp-wp-tabs-wrapper_429 .sp-tab__nav {justify-content: start;}#sp-wp-tabs-wrapper_429.sp-tab__lay-default.sp-tab__horizontal-bottom {display: flex;flex-direction: column-reverse;}#sp-wp-tabs-wrapper_429.sp-tab__lay-default.sp-tab__horizontal-bottom > ul {border-top: 1px solid #cccccc;border-bottom: 0;margin-top: 0;}#sp-wp-tabs-wrapper_429.sp-tab__lay-default.sp-tab__horizontal-bottom > ul > li .sp-tab__nav-link.sp-tab__active {border-color: transparent #cccccc#cccccc;margin-top: -1px;}#sp-wp-tabs-wrapper_429.sp-tab__lay-default.sp-tab__horizontal-bottom > ul > li .sp-tab__nav-link,#sp-wp-tabs-wrapper_429.sp-tab__lay-default.sp-tab__horizontal-bottom > ul > li a,#sp-wp-tabs-wrapper_429.sp-tab__lay-default.sp-tab__horizontal-bottom > ul > .sp-tab__nav-item {border-top: 0;border-top-left-radius: 0;border-top-right-radius: 0;border-bottom-left-radius: 2px;border-bottom-right-radius: 2px;}#sp-wp-tabs-wrapper_429.sp-tab__lay-default.sp-tab__horizontal-bottom > ul {border-bottom: none;}#sp-wp-tabs-wrapper_429.sp-tab__lay-default.sp-tab__horizontal-bottom .sp-tab__tab-content .sp-tab__tab-pane {border-top: 1px solid #cccccc;border-bottom: 0;}#sp-wp-tabs-wrapper_429.sp-tab__lay-default .sp-tab__tab-content .sp-tab-content > ul,#sp-wp-tabs-wrapper_429.sp-tab__lay-default .sp-tab__tab-content .sp-tab-content > ol {border-bottom: none;}#sp-wp-tabs-wrapper_429 > .sp-tab__nav-tabs .sp-tab__nav-link.sp-tab__active .sp-tab__tab_title,#sp-wp-tabs-wrapper_429.sp-tab__lay-default .sp-tab__nav-link > .sp-tab__card-header {color: #444;}#sp-wp-tabs-wrapper_429 .sp-tab__nav-tabs .sp-tab__nav-item.show .sp-tab__nav-link,#sp-wp-tabs-wrapper_429.sp-tab__lay-default ul li .sp-tab__nav-link.sp-tab__active {border-color: #cccccc#cccccc transparent;}#sp-wp-tabs-wrapper_429.sp-tab__lay-default > ul > li > .sp-tab__nav-link,#sp-wp-tabs-wrapper_429.sp-tab__lay-default > ul > li > a {cursor: pointer;border-color: #cccccc;padding-top: 15px;padding-right: 15px;padding-bottom: 15px;padding-left: 15px;}#sp-wp-tabs-wrapper_429 > .sp-tab__nav-tabs .sp-tab__nav-link {border: 1px solid #cccccc;height: 100%;}#sp-wp-tabs-wrapper_429.sp-tab__lay-default > ul > li .sp-tab__nav-link,#sp-wp-tabs-wrapper_429.sp-tab__lay-default > ul > li a,#sp-wp-tabs-wrapper_429.sp-tab__lay-default > ul > .sp-tab__nav-item {border-top-left-radius: 2px;border-top-right-radius: 2px;}#sp-wp-tabs-wrapper_429 .sp-tab__nav-tabs .sp-tab__nav-item {margin-bottom: -1px; }#sp-wp-tabs-wrapper_429.sp-tab__lay-default > ul .sp-tab__nav-item {margin-right: 20px;margin-top: 5px;}#sp-wp-tabs-wrapper_429.sp-tab__lay-default.sp-tab__horizontal-bottom > ul .sp-tab__nav-item {margin-right: 20px;margin-top: 0;}#sp-wp-tabs-wrapper_429.sp-tab__lay-default > ul .sp-tab__nav-item .sp-tab__nav-link:hover .sp-tab__tab_title,#sp-wp-tabs-wrapper_429.sp-tab__lay-default > ul .sp-tab__nav-item a:hover .sp-tab__tab_title,#sp-wp-tabs-wrapper_429.sp-tab__lay-default .sp-tab__nav-link.collapsed .sp-tab__card-header:hover {color: #444;transition: .3s;}#sp-wp-tabs-wrapper_429.sp-tab__lay-default > ul .sp-tab__nav-item,#sp-wp-tabs-wrapper_429.sp-tab__lay-default .sp-tab__nav-link.collapsed > .sp-tab__card-header {background-color: #eee;transition: 0.3s;}#sp-wp-tabs-wrapper_429 > .sp-tab__nav-tabs > .sp-tab__nav-item.show .sp-tab__nav-link,#sp-wp-tabs-wrapper_429 > .sp-tab__nav-tabs > .sp-tab__nav-item .sp-tab__nav-link.sp-tab__active,#sp-wp-tabs-wrapper_429.sp-tab__lay-default .sp-tab__nav-link > .sp-tab__card-header {background-color: #fff;}#sp-tabs-wrapper_429.sp-tab__lay-default > ul .sp-tab__nav-item .sp-tab__nav-link:not(.sp-tab__active):hover,#sp-tabs-wrapper_429.sp-tab__lay-default .sp-tab__tab-content > .sp-tab__tab-pane .sp-tab__card-header:hover {background-color: #fff;}#sp-wp-tabs-wrapper_429.sp-tab__lay-default > ul .sp-tab__nav-item:not(.sp-tab__active):hover,#sp-wp-tabs-wrapper_429.sp-tab__lay-default .sp-tab__nav-link.collapsed > .sp-tab__card-header:hover {background-color: #fff;}#sp-wp-tabs-wrapper_429.sp-tab__lay-default > ul .sp-tab__nav-item:last-child {margin-right: 0;}#sp-wp-tabs-wrapper_429.sp-tab__lay-default > .sp-tab__tab-content .sp-tab__tab-pane {border: 1px solid #cccccc;padding-top: 20px;padding-right: 20px;padding-bottom: 20px;padding-left: 20px;border-top: 0px;background-color: #ffffff;}#sp-wp-tabs-wrapper_429.sp-tab__lay-default > ul {border-bottom: 1px solid #cccccc;}@media(max-width:480px) {#sp-wp-tabs-wrapper_429.sp-tab__lay-default > ul li.sp-tab__nav-item {width: 100%;margin-right: 0px;}#sp-wp-tabs-wrapper_429.sp-tab__lay-default > ul li.sp-tab__nav-item:last-child {margin-bottom: -1px;}}#poststuff h2.sp-tab__section_title_429, h2.sp-tab__section_title_429 ,.editor-styles-wrapper .wp-block h2.sp-tab__section_title_429{margin-bottom: 30px !important;font-weight: 600;font-style: normal;font-size: 28px;line-height: 28px;letter-spacing: 0px;padding: 0;color: #444444;}#sp-wp-tabs-wrapper_429.sp-tab__lay-default > ul .sp-tab__nav-item .sp-tab__tab_title,#sp-wp-tabs-wrapper_429.sp-tab__lay-default span > .sp-tab__card-header {font-weight: 600;font-style: normal;font-size: 16px;line-height: 22px;letter-spacing: 0px;color: #444;margin: 0px;}#sp-wp-tabs-wrapper_429.sp-tab__lay-default > .sp-tab__tab-content .sp-tab__tab-pane,#sp-wp-tabs-wrapper_429.sp-tab__lay-default > .sp-tab__tab-content .sp-tab__tab-pane p {font-weight: 400;font-style: normal;font-size: 16px;line-height: 24px;letter-spacing: 0px;color: #444;}#sp-wp-tabs-wrapper_429.sp-tab__lay-default > .sp-tab__tab-content .sp-tab__tab-pane ul li a, #sp-wp-tabs-wrapper_429.sp-tab__lay-default .sp-tab__tab-content .sp-tab__tab-pane ol li a {color: #444;}<\/style>\t<h2 class=\"sp-tab__section_title_429\"> <\/h2>\n\t\t\t<div id=\"sp-wp-tabs-wrapper_429\" class=\"sp-tab__lay-default\" data-preloader=\"1\" data-activemode=\"tabs-activator-event-hover\" data-anchor_linking=\"1\">\n\t\t\t<div class=\"sp-tab__preloader\">\n\t\t<div class=\"sp-tab__spinner\">\n\t\t\t<div class=\"rect1\"><\/div>\n\t\t\t<div class=\"rect2\"><\/div>\n\t\t\t<div class=\"rect3\"><\/div>\n\t\t\t<div class=\"rect4\"><\/div>\n\t\t\t<div class=\"rect5\"><\/div>\n\t\t<\/div>\n\t<\/div>\n\t<ul class=\"sp-tab__nav sp-tab__nav-tabs\" id=\"sp-tab__ul\" role=\"tablist\">\n\t\t\t\t<li class=\"sp-tab__nav-item\" role=\"presentation\">\n\t\t\t\t<span class=\"sp-tab__nav-link sp-tab__active\" data-sptoggle=\"tab\" for=\"#tab-4291\" role=\"tab\" aria-controls=tab-4291 aria-selected=true tabindex=0>\n\t\t\t\t\t<span class=\"tab_title_area\"><H4 class=\"sp-tab__tab_title\">Composition des colis de 5kg Blanc Bleu Belge<\/H4><\/span>\n\t\t\t\t<\/span>\n\t\t\t<\/li>\n\t\t\t\t\t\t<li class=\"sp-tab__nav-item\" role=\"presentation\">\n\t\t\t\t<span class=\"sp-tab__nav-link\" data-sptoggle=\"tab\" for=\"#tab-4292\" role=\"tab\" aria-controls=tab-4292 aria-selected=true tabindex=0>\n\t\t\t\t\t<span class=\"tab_title_area\"><H4 class=\"sp-tab__tab_title\">Composition des colis de 10kg Blanc Bleu Belge<\/H4><\/span>\n\t\t\t\t<\/span>\n\t\t\t<\/li>\n\t\t\t\t\t\t<li class=\"sp-tab__nav-item\" role=\"presentation\">\n\t\t\t\t<span class=\"sp-tab__nav-link\" data-sptoggle=\"tab\" for=\"#tab-4293\" role=\"tab\" aria-controls=tab-4293 aria-selected=true tabindex=0>\n\t\t\t\t\t<span class=\"tab_title_area\"><H4 class=\"sp-tab__tab_title\">Composition des colis de 10 Kg Blonde d'aquitaine<\/H4><\/span>\n\t\t\t\t<\/span>\n\t\t\t<\/li>\n\t\t\t<\/ul>\n<div class=\"sp-tab__tab-content\">\n\t\t\t\t<div id=\"tab-4291\" class=\"sp-tab__tab-pane sp-tab__show sp-tab__active\" role=\"tabpanel\">\n\t\t\t\t\t<div class=\"sp-tab-content animated fadeIn\"><ul>\n<li>500gr de viande pour brochette ou fondue<\/li>\n<li>3 x 500 gr de steaks<\/li>\n<li>1 x 500 gr de filet am\u00e9ricain<\/li>\n<li>2 x 500 gr de hamburgers pur boeuf ( 2 x 4 pi\u00e8ces )<\/li>\n<li>1 x 500 gr de saucisses avec 50% de porc<\/li>\n<li>1 x 500 gr de hach\u00e9 avec 50% de porc<\/li>\n<li>1 x 500 gr de surplus<\/li>\n<\/ul>\n<\/div>\n\t\t\t\t<\/div>\n\t\t\t\t\t\t\t\t<div id=\"tab-4292\" class=\"sp-tab__tab-pane \" role=\"tabpanel\">\n\t\t\t\t\t<div class=\"sp-tab-content animated fadeIn\"><ul>\n<li>2 x 500gr de viande pour brochette ou fondue<\/li>\n<li>1,5kg de c\u00f4te \u00e0 l'os ou entrec\u00f4te ou contrefilet + steaks pour compl\u00e8ter<\/li>\n<li>2 x 500 gr de steaks<\/li>\n<li>1 kg de r\u00f4ti<\/li>\n<li>2 x 500 gr de filet am\u00e9ricain<\/li>\n<li>3 x 500 gr de hamburgers pur boeuf ( 3 x 4 pi\u00e8ces )<\/li>\n<li>2 x 500 gr de saucisses avec 50% de porc<\/li>\n<li>2 x 500 gr de hach\u00e9 avec 50% de porc<\/li>\n<li>1 x 500 gr de carbonnades<\/li>\n<li>1 x 500 gr de surplus<\/li>\n<\/ul>\n<\/div>\n\t\t\t\t<\/div>\n\t\t\t\t\t\t\t\t<div id=\"tab-4293\" class=\"sp-tab__tab-pane \" role=\"tabpanel\">\n\t\t\t\t\t<div class=\"sp-tab-content animated fadeIn\"><p><b><u>Colis de 10kg<\/u><\/b><\/p>\n<div>\n<div>\n<ul>\n<li>1 x 500gr de viande pour brochette (ou fondue)<\/li>\n<li>2 kg de c\u00f4te \u00e0 l'os ou entrec\u00f4te\u00a0 + steaks pour compl\u00e9ter<\/li>\n<li>1 kg de r\u00f4ti<\/li>\n<li>2 x 500 gr de steaks (steaks 1er choix \/ filets purs \/ steaks)<\/li>\n<li>2 x 500 gr de filet am\u00e9ricain<\/li>\n<li>2 x 500 gr de hamburgers pur boeuf ( 2 x 4 pi\u00e8ces )<\/li>\n<li>2 x 500 gr de saucisses avec 50% de porc<\/li>\n<li>3 x 500 gr de hach\u00e9\u00a0avec 50% de porc<\/li>\n<li>1 x 500 gr de carbonnades<\/li>\n<li>1 x 500 gr de surplus (steaks \/ hach\u00e9 \/ saucisses \/ hamburgers)<\/li>\n<\/ul>\n<div>Les\u00a0<b>abats<\/b>\u00a0(coeur, foie, queue et langue) seront \u00e9galement disponibles le jour de la distribution, \u00e0 payer sur place au prix de 4\u20ac\/kg, ainsi que des os \u00e0 mo\u00eblle (gratuits).\u00a0 N'h\u00e9sitez pas \u00e0\u00a0<u>les r\u00e9server<\/u>\u00a0et \u00e0\u00a0nous les demander.<\/div>\n<\/div>\n<\/div>\n<\/div>\n\t\t\t\t<\/div>\n\t\t\t\t<\/div>\n\t\t<\/div>\n\t\t\n\n<p>\u00a0<\/p>\n","protected":false},"excerpt":{"rendered":"<p>\u00a0 \u00a0<\/p>\n","protected":false},"author":1,"featured_media":0,"parent":0,"menu_order":0,"comment_status":"closed","ping_status":"closed","template":"","meta":{"footnotes":""},"class_list":["post-421","page","type-page","status-publish","hentry"],"_links":{"self":[{"href":"https:\/\/lesbroutards.be\/index.php\/wp-json\/wp\/v2\/pages\/421","targetHints":{"allow":["GET"]}}],"collection":[{"href":"https:\/\/lesbroutards.be\/index.php\/wp-json\/wp\/v2\/pages"}],"about":[{"href":"https:\/\/lesbroutards.be\/index.php\/wp-json\/wp\/v2\/types\/page"}],"author":[{"embeddable":true,"href":"https:\/\/lesbroutards.be\/index.php\/wp-json\/wp\/v2\/users\/1"}],"replies":[{"embeddable":true,"href":"https:\/\/lesbroutards.be\/index.php\/wp-json\/wp\/v2\/comments?post=421"}],"version-history":[{"count":9,"href":"https:\/\/lesbroutards.be\/index.php\/wp-json\/wp\/v2\/pages\/421\/revisions"}],"predecessor-version":[{"id":448,"href":"https:\/\/lesbroutards.be\/index.php\/wp-json\/wp\/v2\/pages\/421\/revisions\/448"}],"wp:attachment":[{"href":"https:\/\/lesbroutards.be\/index.php\/wp-json\/wp\/v2\/media?parent=421"}],"curies":[{"name":"wp","href":"https:\/\/api.w.org\/{rel}","templated":true}]}}