{"id":89,"date":"2024-09-02T19:41:53","date_gmt":"2024-09-02T17:41:53","guid":{"rendered":"http:\/\/lesbros.cluster023.hosting.ovh.net\/?page_id=89"},"modified":"2024-10-08T19:24:16","modified_gmt":"2024-10-08T17:24:16","slug":"89-2","status":"publish","type":"page","link":"https:\/\/lesbroutards.be\/index.php\/89-2\/","title":{"rendered":"A Propos des Broutards"},"content":{"rendered":"\n<p><\/p>\n\n\n<div id=\"metaslider-id-183\" style=\"width: 100%;\" class=\"ml-slider-3-101-0 metaslider metaslider-flex metaslider-183 ml-slider has-dots-nav has-carousel-mode ms-theme-clarity\" role=\"region\" aria-label=\"New Slideshow\" data-height=\"150\" data-width=\"350\">\n    <div id=\"metaslider_container_183\">\n        <div id=\"metaslider_183\">\n            <ul class='slides'>\n                <li style=\"display: none; width: 100%;\" class=\"slide-290 ms-image \" aria-roledescription=\"slide\" data-date=\"2024-10-01 19:42:36\"><img fetchpriority=\"high\" decoding=\"async\" src=\"https:\/\/lesbroutards.be\/wp-content\/uploads\/2024\/09\/IMG_20230629_190455-6-scaled-350x150.webp\" height=\"150\" width=\"350\" alt=\"\" class=\"slider-183 slide-290 msDefaultImage\" title=\"IMG_20230629_190455\" \/><\/li>\n                <li style=\"display: none; width: 100%;\" class=\"slide-289 ms-image \" aria-roledescription=\"slide\" data-date=\"2024-10-01 19:42:36\"><img decoding=\"async\" src=\"https:\/\/lesbroutards.be\/wp-content\/uploads\/2024\/09\/IMG_20230614_170243-3-scaled-350x150.webp\" height=\"150\" width=\"350\" alt=\"\" class=\"slider-183 slide-289 msDefaultImage\" title=\"IMG_20230614_170243\" \/><\/li>\n                <li style=\"display: none; width: 100%;\" class=\"slide-291 ms-image \" aria-roledescription=\"slide\" data-date=\"2024-10-01 19:42:36\"><img decoding=\"async\" src=\"https:\/\/lesbroutards.be\/wp-content\/uploads\/2024\/09\/IMG_20230215_170315-3-scaled-350x150.webp\" height=\"150\" width=\"350\" alt=\"\" class=\"slider-183 slide-291 msDefaultImage\" title=\"IMG_20230215_170315\" \/><\/li>\n                <li style=\"display: none; width: 100%;\" class=\"slide-292 ms-image \" aria-roledescription=\"slide\" data-date=\"2024-10-01 19:42:36\"><img loading=\"lazy\" decoding=\"async\" src=\"https:\/\/lesbroutards.be\/wp-content\/uploads\/2024\/09\/IMG_20221012_162331-6-scaled-350x150.webp\" height=\"150\" width=\"350\" alt=\"\" class=\"slider-183 slide-292 msDefaultImage\" title=\"IMG_20221012_162331\" \/><\/li>\n                <li style=\"display: none; width: 100%;\" class=\"slide-293 ms-image \" aria-roledescription=\"slide\" data-date=\"2024-10-01 19:42:36\"><img loading=\"lazy\" decoding=\"async\" src=\"https:\/\/lesbroutards.be\/wp-content\/uploads\/2024\/09\/IMG_20220907_161953-7-scaled-350x150.webp\" height=\"150\" width=\"350\" alt=\"\" class=\"slider-183 slide-293 msDefaultImage\" title=\"IMG_20220907_161953\" \/><\/li>\n                <li style=\"display: none; width: 100%;\" class=\"slide-288 ms-image \" aria-roledescription=\"slide\" data-date=\"2024-10-01 19:42:36\"><img loading=\"lazy\" decoding=\"async\" src=\"https:\/\/lesbroutards.be\/wp-content\/uploads\/2024\/09\/IMG_20221012_165411-9-scaled-350x150.webp\" height=\"150\" width=\"350\" alt=\"\" class=\"slider-183 slide-288 msDefaultImage\" title=\"IMG_20221012_165411\" \/><\/li>\n                <li style=\"display: none; width: 100%;\" class=\"slide-189 ms-image \" aria-roledescription=\"slide\" data-date=\"2024-09-03 15:22:26\"><img loading=\"lazy\" decoding=\"async\" src=\"https:\/\/lesbroutards.be\/wp-content\/uploads\/2024\/09\/IMG_20230629_190455-6-scaled-350x150.webp\" height=\"150\" width=\"350\" alt=\"\" class=\"slider-183 slide-189 msDefaultImage\" title=\"IMG_20230629_190455\" \/><\/li>\n                <li style=\"display: none; width: 100%;\" class=\"slide-188 ms-image \" aria-roledescription=\"slide\" data-date=\"2024-09-03 15:22:26\"><img loading=\"lazy\" decoding=\"async\" src=\"https:\/\/lesbroutards.be\/wp-content\/uploads\/2024\/09\/IMG_20230215_170315-4-scaled-350x150.webp\" height=\"150\" width=\"350\" alt=\"\" class=\"slider-183 slide-188 msDefaultImage\" title=\"IMG_20230215_170315\" \/><\/li>\n            <\/ul>\n        <\/div>\n        \n    <\/div>\n<\/div>\n\n\n\n<p>Qui sommes nous ?<\/p>\n\n\n\n<p>L&rsquo;association a pour but d\u2019\u0153uvrer \u00e0 la relocalisation et \u00e0 la s\u00e9curisation alimentaires du territoire d\u2019Awans et communes riveraines.&nbsp;<\/p>\n\n\n\n<p>Pour ce faire, elle cherche \u00e0 soutenir et \u00e0 permettre la p\u00e9rennisation dans de bonnes conditions de l\u2019activit\u00e9 agricole et de l\u2019activit\u00e9 d\u2019\u00e9levage sur le territoire des communes concern\u00e9es par son action.&nbsp;<\/p>\n\n\n\n<p>Les trois axes privil\u00e9gi\u00e9s sont&nbsp;:&nbsp;<\/p>\n\n\n\n<p>-le r\u00e9tablissement, autant que possible, du lien entre les producteurs de denr\u00e9es alimentaires locales et les consommateurs locaux, afin de restaurer la confiance r\u00e9ciproque et permettre entre ces deux parties un dialogue constructif&nbsp;;<\/p>\n\n\n\n<p>-le soutien aux producteurs locaux, afin que ces derniers retrouvent le plaisir de produire pour la collectivit\u00e9 et re\u00e7oivent pour leur travail une r\u00e9mun\u00e9ration digne et suffisante, contribuant \u00e0 la p\u00e9rennisation de leur activit\u00e9 sur le sol local&nbsp;;<\/p>\n\n\n\n<p>-le souci de la pr\u00e9servation des prairies d\u2019\u00e9levage et, de mani\u00e8re g\u00e9n\u00e9rale, de l\u2019environnement agricole du territoire concern\u00e9, dans un souci de durabilit\u00e9 et de respect de l\u2019environnement.&nbsp;<\/p>\n\n\n\n<figure class=\"wp-block-image size-large\"><img loading=\"lazy\" decoding=\"async\" width=\"1024\" height=\"683\" src=\"https:\/\/lesbroutards.be\/wp-content\/uploads\/2024\/10\/IMG_0157-1024x683.webp\" alt=\"\" class=\"wp-image-282\" srcset=\"https:\/\/lesbroutards.be\/wp-content\/uploads\/2024\/10\/IMG_0157-1024x683.webp 1024w, https:\/\/lesbroutards.be\/wp-content\/uploads\/2024\/10\/IMG_0157-300x200.webp 300w, https:\/\/lesbroutards.be\/wp-content\/uploads\/2024\/10\/IMG_0157-768x512.webp 768w, https:\/\/lesbroutards.be\/wp-content\/uploads\/2024\/10\/IMG_0157-1536x1024.webp 1536w, https:\/\/lesbroutards.be\/wp-content\/uploads\/2024\/10\/IMG_0157-scaled.webp 1920w, https:\/\/lesbroutards.be\/wp-content\/uploads\/2024\/10\/IMG_0157-1320x880.webp 1320w, https:\/\/lesbroutards.be\/wp-content\/uploads\/2024\/10\/IMG_0157-600x400.webp 600w\" sizes=\"(max-width: 1024px) 100vw, 1024px\" \/><\/figure>\n","protected":false},"excerpt":{"rendered":"<p>Qui sommes nous ? L&rsquo;association a pour but d\u2019\u0153uvrer \u00e0 la relocalisation et \u00e0 la s\u00e9curisation alimentaires du territoire d\u2019Awans et communes riveraines.&nbsp; Pour ce faire, elle cherche \u00e0 soutenir et \u00e0 permettre la p\u00e9rennisation dans de bonnes conditions de l\u2019activit\u00e9 agricole et de l\u2019activit\u00e9 d\u2019\u00e9levage sur le territoire des communes concern\u00e9es par son action.&nbsp; [&hellip;]<\/p>\n","protected":false},"author":1,"featured_media":0,"parent":0,"menu_order":0,"comment_status":"closed","ping_status":"closed","template":"","meta":{"footnotes":""},"class_list":["post-89","page","type-page","status-publish","hentry"],"_links":{"self":[{"href":"https:\/\/lesbroutards.be\/index.php\/wp-json\/wp\/v2\/pages\/89","targetHints":{"allow":["GET"]}}],"collection":[{"href":"https:\/\/lesbroutards.be\/index.php\/wp-json\/wp\/v2\/pages"}],"about":[{"href":"https:\/\/lesbroutards.be\/index.php\/wp-json\/wp\/v2\/types\/page"}],"author":[{"embeddable":true,"href":"https:\/\/lesbroutards.be\/index.php\/wp-json\/wp\/v2\/users\/1"}],"replies":[{"embeddable":true,"href":"https:\/\/lesbroutards.be\/index.php\/wp-json\/wp\/v2\/comments?post=89"}],"version-history":[{"count":11,"href":"https:\/\/lesbroutards.be\/index.php\/wp-json\/wp\/v2\/pages\/89\/revisions"}],"predecessor-version":[{"id":375,"href":"https:\/\/lesbroutards.be\/index.php\/wp-json\/wp\/v2\/pages\/89\/revisions\/375"}],"wp:attachment":[{"href":"https:\/\/lesbroutards.be\/index.php\/wp-json\/wp\/v2\/media?parent=89"}],"curies":[{"name":"wp","href":"https:\/\/api.w.org\/{rel}","templated":true}]}}